{"id":5104,"date":"2021-08-05T12:56:56","date_gmt":"2021-08-05T10:56:56","guid":{"rendered":"https:\/\/www.mandese.it\/wp\/?post_type=product&#038;p=5104"},"modified":"2022-10-02T23:05:12","modified_gmt":"2022-10-02T21:05:12","slug":"passioni-tristi","status":"publish","type":"product","link":"https:\/\/www.mandese.it\/wp\/product\/passioni-tristi\/","title":{"rendered":"Passioni tristi"},"content":{"rendered":"<p>Enrico Levi \u00e8 un cacciatore e collezionista di cultura, passioni forti, amicizie profonde, con persone ricche e importanti\u2026 tutte al limite della follia e forse oltre. \u00c8 di padre ebreo e madre cinese. \u00c8 nato a Shanghai in mezzo alla guerra e a torbide, mortali vicende di spionaggio tra Giapponesi e alleati. \u00c8 cresciuto tra Londra e Parigi, ma \u00e8 basato a Milano, Mailand, la &#8220;terra di mezzo&#8221;, la &#8220;citt\u00e0 principale&#8221;. Qui si muove in un viaggio attraverso s\u00e9 stesso e le sue persone da cui entra ed esce, con la tenacia della sua curiosit\u00e0 e l\u2019ausilio di uno psichiatra. Milano domina e comanda. Persone eleganti, a modo, autorevoli, che potrebbero fare il meglio, flirtano con il peggio \u2013 terrorismo, droghe, ambizioni sfrenate e deturpanti, tradimenti diabolici. Si entra in un ventre fosco e incorporeo della citt\u00e0, con individui che non dovrebbero esistere e invece agiscono, si muovono e avvelenano pozzi, se stessi e gli altri. Sono persone vere?<\/p>\n","protected":false},"excerpt":{"rendered":"<p>Enrico Levi \u00e8 un cacciatore e collezionista di cultura, passioni forti, amicizie profonde, con persone ricche e importanti\u2026 tutte al limite della follia e forse oltre. \u00c8 di padre ebreo [&hellip;]<\/p>\n","protected":false},"featured_media":5105,"template":"","meta":[],"product_brand":[],"product_cat":[29],"product_tag":[],"class_list":{"0":"post-5104","1":"product","2":"type-product","3":"status-publish","4":"has-post-thumbnail","6":"product_author-massimo-terni","7":"product_cat-uncategorized","9":"first","10":"instock","11":"shipping-taxable","12":"purchasable","13":"product-type-simple"},"_links":{"self":[{"href":"https:\/\/www.mandese.it\/wp\/wp-json\/wp\/v2\/product\/5104","targetHints":{"allow":["GET"]}}],"collection":[{"href":"https:\/\/www.mandese.it\/wp\/wp-json\/wp\/v2\/product"}],"about":[{"href":"https:\/\/www.mandese.it\/wp\/wp-json\/wp\/v2\/types\/product"}],"wp:featuredmedia":[{"embeddable":true,"href":"https:\/\/www.mandese.it\/wp\/wp-json\/wp\/v2\/media\/5105"}],"wp:attachment":[{"href":"https:\/\/www.mandese.it\/wp\/wp-json\/wp\/v2\/media?parent=5104"}],"wp:term":[{"taxonomy":"product_brand","embeddable":true,"href":"https:\/\/www.mandese.it\/wp\/wp-json\/wp\/v2\/product_brand?post=5104"},{"taxonomy":"product_cat","embeddable":true,"href":"https:\/\/www.mandese.it\/wp\/wp-json\/wp\/v2\/product_cat?post=5104"},{"taxonomy":"product_tag","embeddable":true,"href":"https:\/\/www.mandese.it\/wp\/wp-json\/wp\/v2\/product_tag?post=5104"}],"curies":[{"name":"wp","href":"https:\/\/api.w.org\/{rel}","templated":true}]}}