{"id":5232,"date":"2023-05-02T17:22:15","date_gmt":"2023-05-02T15:22:15","guid":{"rendered":"https:\/\/www.mandese.it\/wp\/?post_type=product&#038;p=5232"},"modified":"2023-05-02T17:31:08","modified_gmt":"2023-05-02T15:31:08","slug":"futura","status":"publish","type":"product","link":"https:\/\/www.mandese.it\/wp\/product\/futura\/","title":{"rendered":"Futura"},"content":{"rendered":"<p><span style=\"font-weight: 400;\">Una giovane biologa molecolare, donna indipendente e forte a caccia del proprio destino, s\u2019imbatte nei traffici loschi di \u2018Progenie\u2019 multinazionale svizzera, per cui lavora. Mim\u00ec, la protagonista della vicenda, perde quasi subito i contatti con la sua famiglia e decide di lottare contro i traffici illegali dell\u2019azienda. Un libro, un vecchio manoscritto ritrovato per caso le cambia la vita, da questo momento decide di tornare a casa e recuperare la memoria perduta negli anni insieme ad una persona speciale, la sua amica pi\u00f9 cara. Da sola dovr\u00e0 affrontare una delle scelte pi\u00f9 forti e controverse che una donna possa compiere nella propria vita; con la consapevolezza di non dover vincere ad ogni costo, ma anche di non voler soccombere.<\/span><\/p>\n<p><b>GAETANO MERCINELLI<\/b><span style=\"font-weight: 400;\">, medico, ha scoperto la scrittura nella seconda parte della sua vita. Ha pubblicato con Antonio Mandese Editore il romanzo <\/span><i><span style=\"font-weight: 400;\">Espiazione<\/span><\/i><span style=\"font-weight: 400;\"> (2019).<\/span><\/p>\n","protected":false},"excerpt":{"rendered":"<p>Romanzo di formazione contaminato di giallo e dal finale inaspettato.<\/p>\n","protected":false},"featured_media":5233,"template":"","meta":[],"product_brand":[],"product_cat":[87],"product_tag":[174,175,160,176],"class_list":{"0":"post-5232","1":"product","2":"type-product","3":"status-publish","4":"has-post-thumbnail","6":"product_author-gaetano-mercinelli","7":"product_cat-narrativa","8":"product_tag-futura","9":"product_tag-gaetanomercinelli","10":"product_tag-narrativa","11":"product_tag-romanzo","13":"first","14":"instock","15":"shipping-taxable","16":"purchasable","17":"product-type-simple"},"_links":{"self":[{"href":"https:\/\/www.mandese.it\/wp\/wp-json\/wp\/v2\/product\/5232","targetHints":{"allow":["GET"]}}],"collection":[{"href":"https:\/\/www.mandese.it\/wp\/wp-json\/wp\/v2\/product"}],"about":[{"href":"https:\/\/www.mandese.it\/wp\/wp-json\/wp\/v2\/types\/product"}],"wp:featuredmedia":[{"embeddable":true,"href":"https:\/\/www.mandese.it\/wp\/wp-json\/wp\/v2\/media\/5233"}],"wp:attachment":[{"href":"https:\/\/www.mandese.it\/wp\/wp-json\/wp\/v2\/media?parent=5232"}],"wp:term":[{"taxonomy":"product_brand","embeddable":true,"href":"https:\/\/www.mandese.it\/wp\/wp-json\/wp\/v2\/product_brand?post=5232"},{"taxonomy":"product_cat","embeddable":true,"href":"https:\/\/www.mandese.it\/wp\/wp-json\/wp\/v2\/product_cat?post=5232"},{"taxonomy":"product_tag","embeddable":true,"href":"https:\/\/www.mandese.it\/wp\/wp-json\/wp\/v2\/product_tag?post=5232"}],"curies":[{"name":"wp","href":"https:\/\/api.w.org\/{rel}","templated":true}]}}